{"id":8,"date":"2018-10-18T16:24:36","date_gmt":"2018-10-18T16:24:36","guid":{"rendered":"http:\/\/demo.casethemes.net\/troma\/?page_id=8"},"modified":"2023-03-17T11:15:00","modified_gmt":"2023-03-17T17:15:00","slug":"inconsult-hn-avaluos-honduras","status":"publish","type":"page","link":"https:\/\/inconsulthn.com\/","title":{"rendered":"Home"},"content":{"rendered":"<section class=\"wpb-content-wrapper\"><p>[vc_row full_width=&#8221;stretch_row_content_no_spaces&#8221;][vc_column css=&#8221;.vc_custom_1541046861726{padding-top: 0px !important;}&#8221;]\n\t\t\t<!-- START Home1 REVOLUTION SLIDER 6.6.11 --><p class=\"rs-p-wp-fix\"><\/p>\n\t\t\t<rs-module-wrap id=\"rev_slider_2_1_wrapper\" data-source=\"gallery\" style=\"visibility:hidden;background:transparent;padding:0;margin:0px auto;margin-top:0;margin-bottom:0;\">\n\t\t\t\t<rs-module id=\"rev_slider_2_1\" style=\"\" data-version=\"6.6.11\">\n\t\t\t\t\t<rs-slides style=\"overflow: hidden; position: absolute;\">\n\t\t\t\t\t\t<rs-slide style=\"position: absolute;\" data-key=\"rs-3\" data-title=\"Slide\" data-in=\"o:0;\" data-out=\"a:false;\">\n\t\t\t\t\t\t\t<img decoding=\"async\" src=\"\/\/inconsulthn.com\/wp-content\/plugins\/revslider\/public\/assets\/assets\/dummy.png\" alt=\"Slide\" title=\"Home\" class=\"rev-slidebg tp-rs-img rs-lazyload\" data-lazyload=\"\/\/inconsulthn.com\/wp-content\/plugins\/revslider\/public\/assets\/assets\/transparent.png\" data-bg=\"c:#ffffff;\" data-no-retina>\n<!--\n\t\t\t\t\t\t\t--><rs-group\n\t\t\t\t\t\t\t\tid=\"slider-2-slide-3-layer-3\" \n\t\t\t\t\t\t\t\tdata-type=\"group\"\n\t\t\t\t\t\t\t\tdata-xy=\"xo:30px;y:m;\"\n\t\t\t\t\t\t\t\tdata-text=\"l:22;a:inherit;\"\n\t\t\t\t\t\t\t\tdata-dim=\"w:1000px,1000px,800px,600px;h:355px,355px,245px,129px;\"\n\t\t\t\t\t\t\t\tdata-rsp_bd=\"off\"\n\t\t\t\t\t\t\t\tdata-frame_1=\"sR:10;\"\n\t\t\t\t\t\t\t\tdata-frame_999=\"o:0;st:w;sp:500;sR:8690;sA:9000;\"\n\t\t\t\t\t\t\t\tstyle=\"z-index:6;\"\n\t\t\t\t\t\t\t><!--\n\t\t\t\t\t\t\t\t--><a\n\t\t\t\t\t\t\t\t\tid=\"slider-2-slide-3-layer-7\" \n\t\t\t\t\t\t\t\t\tclass=\"rs-layer rev-btn\"\n\t\t\t\t\t\t\t\t\thref=\"https:\/\/inconsulthn.com\/index.php\/servicios\/\" target=\"_self\"\n\t\t\t\t\t\t\t\t\tdata-type=\"button\"\n\t\t\t\t\t\t\t\t\tdata-color=\"#8e8e93||#8e8e93||#a3accf||#a3accf\"\n\t\t\t\t\t\t\t\t\tdata-xy=\"xo:261px,261px,170px,154px;y:b;\"\n\t\t\t\t\t\t\t\t\tdata-pos=\"a\"\n\t\t\t\t\t\t\t\t\tdata-text=\"s:14,14,13,14;l:14,14,13,14;ls:3px,3px,1px,1px;fw:700,700,500,500;a:inherit;\"\n\t\t\t\t\t\t\t\t\tdata-rsp_o=\"off\"\n\t\t\t\t\t\t\t\t\tdata-rsp_bd=\"off\"\n\t\t\t\t\t\t\t\t\tdata-padding=\"t:21,21,14,12;r:48,48,22,18;b:21,21,14,12;l:48,48,22,18;\"\n\t\t\t\t\t\t\t\t\tdata-border=\"bos:solid;boc:#f0f0f0;bow:2px,2px,2px,2px;\"\n\t\t\t\t\t\t\t\t\tdata-frame_0=\"x:50px;\"\n\t\t\t\t\t\t\t\t\tdata-frame_1=\"e:easeOutCirc;st:1800;sp:500;sR:1790;\"\n\t\t\t\t\t\t\t\t\tdata-frame_999=\"x:-50px;o:0;e:easeOutCirc;st:w;sp:500;sR:6700;\"\n\t\t\t\t\t\t\t\t\tdata-frame_hover=\"c:#262626;bgc:rgba(255,255,255,0);boc:#262626;bor:0px,0px,0px,0px;bos:solid;bow:2px,2px,2px,2px;oX:50;oY:50;e:power0.in;\"\n\t\t\t\t\t\t\t\t\tstyle=\"z-index:10;background-color:rgba(255,255,255,0);font-family:'Poppins';text-transform:uppercase;cursor:pointer;outline:none;box-shadow:none;box-sizing:border-box;-moz-box-sizing:border-box;-webkit-box-sizing:border-box;\"\n\t\t\t\t\t\t\t\t>Ver Servicios \n\t\t\t\t\t\t\t\t<\/a><!--\n\n\t\t\t\t\t\t\t\t--><a\n\t\t\t\t\t\t\t\t\tid=\"slider-2-slide-3-layer-6\" \n\t\t\t\t\t\t\t\t\tclass=\"rs-layer hover-effect rev-btn\"\n\t\t\t\t\t\t\t\t\thref=\"https:\/\/inconsulthn.com\/index.php\/avaluos\/\" target=\"_self\"\n\t\t\t\t\t\t\t\t\tdata-type=\"button\"\n\t\t\t\t\t\t\t\t\tdata-xy=\"y:b;\"\n\t\t\t\t\t\t\t\t\tdata-pos=\"a\"\n\t\t\t\t\t\t\t\t\tdata-text=\"s:14,14,13,13;l:14,14,13,13;ls:3px,3px,1px,1px;fw:600,600,500,500;a:inherit;\"\n\t\t\t\t\t\t\t\t\tdata-rsp_o=\"off\"\n\t\t\t\t\t\t\t\t\tdata-rsp_bd=\"off\"\n\t\t\t\t\t\t\t\t\tdata-padding=\"t:23,23,16,14;r:50,50,22,18;b:23,23,16,14;l:50,50,22,18;\"\n\t\t\t\t\t\t\t\t\tdata-frame_0=\"x:50px;\"\n\t\t\t\t\t\t\t\t\tdata-frame_1=\"e:easeOutCirc;st:1500;sp:500;sR:1490;\"\n\t\t\t\t\t\t\t\t\tdata-frame_999=\"x:-50px;o:0;e:easeOutCirc;st:w;sp:500;sR:7000;\"\n\t\t\t\t\t\t\t\t\tdata-frame_hover=\"c:#fff;bgc:#545454;boc:#000;bor:0px,0px,0px,0px;bos:solid;oX:50;oY:50;e:power0.in;\"\n\t\t\t\t\t\t\t\t\tstyle=\"z-index:9;background-color:#0c0b0b;font-family:'Poppins';text-transform:uppercase;cursor:pointer;outline:none;box-shadow:none;box-sizing:border-box;-moz-box-sizing:border-box;-webkit-box-sizing:border-box;\"\n\t\t\t\t\t\t\t\t>Cotizar Ahora \n\t\t\t\t\t\t\t\t<\/a><!--\n\n\t\t\t\t\t\t\t\t--><rs-layer\n\t\t\t\t\t\t\t\t\tid=\"slider-2-slide-3-layer-5\" \n\t\t\t\t\t\t\t\t\tdata-type=\"text\"\n\t\t\t\t\t\t\t\t\tdata-color=\"#8e8e93||#8e8e93||#747da1||#747da1\"\n\t\t\t\t\t\t\t\t\tdata-xy=\"yo:167px,167px,93px,-99999px;\"\n\t\t\t\t\t\t\t\t\tdata-pos=\"a\"\n\t\t\t\t\t\t\t\t\tdata-text=\"s:18,18,13,13;l:28,28,22,22;a:inherit;\"\n\t\t\t\t\t\t\t\t\tdata-dim=\"w:auto,auto,auto,320px;\"\n\t\t\t\t\t\t\t\t\tdata-rsp_o=\"off\"\n\t\t\t\t\t\t\t\t\tdata-rsp_bd=\"off\"\n\t\t\t\t\t\t\t\t\tdata-frame_0=\"x:-50px;\"\n\t\t\t\t\t\t\t\t\tdata-frame_1=\"e:easeOutCirc;st:1200;sp:500;sR:1190;\"\n\t\t\t\t\t\t\t\t\tdata-frame_999=\"x:50px;o:0;e:easeOutCirc;st:w;sp:500;sR:7300;\"\n\t\t\t\t\t\t\t\t\tstyle=\"z-index:8;font-family:'Poppins';\"\n\t\t\t\t\t\t\t\t>Aval\u00faos en toda Honduras<br\/>\nZona Norte \u2022 Zona Sur \u2022 Zona Centro \u2022 Zona Oriente\n<br><br>\n\u00bfNecesitas un aval\u00fao?  \n\t\t\t\t\t\t\t\t<\/rs-layer><!--\n\n\t\t\t\t\t\t\t\t--><rs-layer\n\t\t\t\t\t\t\t\t\tid=\"slider-2-slide-3-layer-4\" \n\t\t\t\t\t\t\t\t\tclass=\"lt-heading\"\n\t\t\t\t\t\t\t\t\tdata-type=\"text\"\n\t\t\t\t\t\t\t\t\tdata-color=\"#000000||#000000||#1d274e||#1d274e\"\n\t\t\t\t\t\t\t\t\tdata-xy=\"yo:-10px,-10px,-10px,-9px;\"\n\t\t\t\t\t\t\t\t\tdata-pos=\"a\"\n\t\t\t\t\t\t\t\t\tdata-text=\"s:70,70,36,26;l:80,80,46,36;fw:600;a:inherit;\"\n\t\t\t\t\t\t\t\t\tdata-rsp_o=\"off\"\n\t\t\t\t\t\t\t\t\tdata-rsp_bd=\"off\"\n\t\t\t\t\t\t\t\t\tdata-frame_0=\"x:-50px;\"\n\t\t\t\t\t\t\t\t\tdata-frame_1=\"e:easeOutCirc;st:900;sp:500;sR:890;\"\n\t\t\t\t\t\t\t\t\tdata-frame_999=\"x:50px;o:0;e:easeInOutCirc;st:w;sp:500;sR:7600;\"\n\t\t\t\t\t\t\t\t\tstyle=\"z-index:7;font-family:'Poppins';\"\n\t\t\t\t\t\t\t\t>Somos Expertos En <br\/>Aval\u00faos Certificados CNBS\n \n\t\t\t\t\t\t\t\t<\/rs-layer><!--\n\t\t\t\t\t\t\t--><\/rs-group><!--\n\n\t\t\t\t\t\t\t--><rs-layer\n\t\t\t\t\t\t\t\tid=\"slider-2-slide-3-layer-1\" \n\t\t\t\t\t\t\t\tdata-type=\"image\"\n\t\t\t\t\t\t\t\tdata-rsp_ch=\"on\"\n\t\t\t\t\t\t\t\tdata-xy=\"x:r;xo:-360px;\"\n\t\t\t\t\t\t\t\tdata-text=\"l:22;a:inherit;\"\n\t\t\t\t\t\t\t\tdata-dim=\"w:1149px,1149px,1142px,1142px;h:770px,770px,985px,985px;\"\n\t\t\t\t\t\t\t\tdata-frame_0=\"x:right;o:1;\"\n\t\t\t\t\t\t\t\tdata-frame_1=\"e:easeOutCirc;st:700;sp:500;sR:700;\"\n\t\t\t\t\t\t\t\tdata-frame_999=\"x:right;e:easeOutCirc;st:w;sp:500;sR:7800;\"\n\t\t\t\t\t\t\t\tstyle=\"z-index:5;\"\n\t\t\t\t\t\t\t><img decoding=\"async\" src=\"\/\/inconsulthn.com\/wp-content\/plugins\/revslider\/public\/assets\/assets\/dummy.png\" alt=\"\" class=\"tp-rs-img rs-lazyload\" width=\"1149\" height=\"770\" data-lazyload=\"\/\/inconsulthn.com\/wp-content\/uploads\/2023\/02\/slide-helmet.png\" data-no-retina> \n\t\t\t\t\t\t\t<\/rs-layer><!--\n-->\t\t\t\t\t\t<\/rs-slide>\n\t\t\t\t\t<\/rs-slides>\n\t\t\t\t<\/rs-module>\n\t\t\t\t<script>\n\t\t\t\t\tsetREVStartSize({c: 'rev_slider_2_1',rl:[1240,1024,778,480],el:[990,800,680,640],gw:[1230,1024,778,480],gh:[990,800,680,640],type:'standard',justify:'',layout:'fullwidth',mh:\"0\"});if (window.RS_MODULES!==undefined && window.RS_MODULES.modules!==undefined && window.RS_MODULES.modules[\"revslider21\"]!==undefined) {window.RS_MODULES.modules[\"revslider21\"].once = false;window.revapi2 = undefined;if (window.RS_MODULES.checkMinimal!==undefined) window.RS_MODULES.checkMinimal()}\n\t\t\t\t<\/script>\n\t\t\t<\/rs-module-wrap>\n\t\t\t<!-- END REVOLUTION SLIDER -->\n[\/vc_column][\/vc_row][vc_row full_width=&#8221;stretch_row&#8221; css=&#8221;.vc_custom_1677541428716{background-color: #f9f9f9 !important;}&#8221;][vc_column css=&#8221;.vc_custom_1541059605042{padding-top: 113px !important;padding-bottom: 120px !important;}&#8221;][ct_heading text=&#8221;Tipos de<br \/>\nAval\u00faos&#8221; align_lg=&#8221;align-center&#8221; align_md=&#8221;align-center-md&#8221; align_sm=&#8221;align-center-sm&#8221; align_xs=&#8221;align-center-xs&#8221; font_size_md=&#8221;46&#8243; font_size_sm=&#8221;36&#8243; font_size_xs=&#8221;32&#8243; font_weight=&#8221;600&#8243; text_color=&#8221;#0a0a0a&#8221; custom_fonts=&#8221;true&#8221; subtitle=&#8221;Con\u00f3cenos&#8221; subtitle_color=&#8221;#bababa&#8221; subtitle_style=&#8221;style2&#8243;][vc_empty_space height=&#8221;37px&#8221;][vc_row_inner][vc_column_inner width=&#8221;1\/2&#8243; css=&#8221;.vc_custom_1677823931379{padding-top: 30px !important;}&#8221; animation_column=&#8221;fadeInUp&#8221;][ct_fancybox cms_template=&#8221;ct_fancybox&#8211;layout4.php&#8221; title_color=&#8221;#0a0a0a&#8221; description_color=&#8221;#8e8e93&#8243; icon_fontawesome=&#8221;fas fa-city&#8221; icon_color=&#8221;#0a0a0a&#8221; title=&#8221;Aval\u00faos comerciales&#8221; description=&#8221;Se basa en determinar el valor de un inmueble para su compra o venta, tomando como referencia el mercado inmobiliario.&#8221;][\/vc_column_inner][vc_column_inner width=&#8221;1\/2&#8243; css=&#8221;.vc_custom_1541068371367{padding-top: 30px !important;}&#8221; animation_column=&#8221;fadeInUp&#8221;][ct_fancybox cms_template=&#8221;ct_fancybox&#8211;layout4.php&#8221; title_color=&#8221;#0a0a0a&#8221; description_color=&#8221;#8e8e93&#8243; icon_fontawesome=&#8221;fas fa-user-tie&#8221; title=&#8221;Aval\u00faos Fiscales&#8221; description=&#8221;Justifican el monto que se debe pagar de impuestos, as\u00ed se da a conocer el impuesto predial y el impuesto municipal que debe pagar un nuevo propietario.&#8221;][\/vc_column_inner][\/vc_row_inner][vc_row_inner][vc_column_inner width=&#8221;1\/2&#8243; css=&#8221;.vc_custom_1677541710064{padding-top: 30px !important;}&#8221; animation_column=&#8221;fadeInUp&#8221;][ct_fancybox cms_template=&#8221;ct_fancybox&#8211;layout4.php&#8221; title_color=&#8221;#0a0a0a&#8221; description_color=&#8221;#8e8e93&#8243; icon_fontawesome=&#8221;fas fa-university&#8221; icon_color=&#8221;#0a0a0a&#8221; title=&#8221;Aval\u00faos Bancarios&#8221; description=&#8221;Son aval\u00faos requeridos \u00fanicamente exclusivos para tramites bancarios.&#8221;][\/vc_column_inner][vc_column_inner width=&#8221;1\/2&#8243; css=&#8221;.vc_custom_1541068371367{padding-top: 30px !important;}&#8221; animation_column=&#8221;fadeInUp&#8221;][ct_fancybox cms_template=&#8221;ct_fancybox&#8211;layout4.php&#8221; title_color=&#8221;#0a0a0a&#8221; description_color=&#8221;#8e8e93&#8243; icon_fontawesome=&#8221;fas fa-hard-hat&#8221; icon_color=&#8221;#0a0a0a&#8221; title=&#8221;Avances de Obra&#8221; description=&#8221;Son aval\u00faos requeridos \u00fanicamente exclusivos para tramites bancarios.&#8221;][\/vc_column_inner][\/vc_row_inner][\/vc_column][\/vc_row][vc_row full_width=&#8221;stretch_row&#8221; bg_image_position=&#8221;bg-image-ps-top&#8221; css=&#8221;.vc_custom_1677543727229{padding-top: 106px !important;background-image: url(http:\/\/inconsulthn.com\/wp-content\/uploads\/2023\/02\/services-home.png?id=1000) !important;background-position: 0 0 !important;background-repeat: no-repeat !important;}&#8221;][vc_column width=&#8221;5\/12&#8243;][\/vc_column][vc_column width=&#8221;7\/12&#8243; ct_column_class=&#8221;rm-padding-lg&#8221; css=&#8221;.vc_custom_1541062673815{padding-top: 0px !important;padding-left: 70px !important;}&#8221;][ct_heading text=&#8221;Nuestros Servicios&#8221; font_size_md=&#8221;46&#8243; font_size_sm=&#8221;36&#8243; font_size_xs=&#8221;32&#8243; font_weight=&#8221;600&#8243; text_color=&#8221;#0a0a0a&#8221; subtitle=&#8221;Con\u00f3cenos&#8221; subtitle_color=&#8221;#bababa&#8221; subtitle_style=&#8221;style2&#8243; margin_bottom=&#8221;35&#8243;][vc_column_text css=&#8221;.vc_custom_1677543285369{margin-bottom: 30px !important;}&#8221; el_class=&#8221;services-text&#8221;]<\/p>\n<p class=\"p1\">Contamos con el mejor equipo para realizar avaluos de Bienes Inmuebles, ademas del personal capacitado y certificado.<\/p>\n<p class=\"p1\">Nuestro Grupo de ingenieros Civiles, colegiados y certificados, tanto en Colegio de Ingenieros Civiles de Honduras como en la Comisi\u00f3n Nacional De Bancos y Seguros.<\/p>\n<p>Somos una empresa encargada y enfocada a la elaboraci\u00f3n de proyectos de ingenier\u00eda Civil. Nuestro mayor potencial es la realizaci\u00f3n de Aval\u00faos de Bienes Inmuebles, pero a la vez ofrecemos servicios de ingenier\u00eda tales como:[\/vc_column_text][ct_list layout=&#8221;layout3&#8243; l3_lists=&#8221;%5B%7B%22icon_list%22%3A%22fontawesome%22%2C%22icon_fontawesome%22%3A%22fas%20fa-hard-hat%22%2C%22content%22%3A%22Construcci%C3%B3n%20de%20viviendas%20o%20edificaciones.%22%7D%2C%7B%22icon_list%22%3A%22fontawesome%22%2C%22icon_fontawesome%22%3A%22fas%20fa-pencil-ruler%22%2C%22content%22%3A%22Planos%20constructivos%20o%20catastrales.%22%7D%2C%7B%22icon_list%22%3A%22fontawesome%22%2C%22icon_fontawesome%22%3A%22fas%20fa-home%22%2C%22content%22%3A%22Dise%C3%B1os%20Constructivos%22%7D%5D&#8221; el_class=&#8221;services-text&#8221;][vc_empty_space height=&#8221;37px&#8221;][ct_button button_text=&#8221;Nuestros Servicios&#8221; button_link=&#8221;url:%23|||&#8221; el_class=&#8221;btn-shadow&#8221;][ct_space space_lg=&#8221;226&#8243; space_md=&#8221;226&#8243; space_sm=&#8221;106&#8243; space_xs=&#8221;106&#8243;][\/vc_column][\/vc_row][vc_row][vc_column][ct_heading text=&#8221;Nuestros Clientes&#8221; align_lg=&#8221;align-center&#8221; align_md=&#8221;align-center-md&#8221; align_sm=&#8221;align-center-sm&#8221; align_xs=&#8221;align-center-xs&#8221; font_weight=&#8221;600&#8243; text_color=&#8221;#0a0a0a&#8221; subtitle=&#8221;Experiencia&#8221; subtitle_color=&#8221;#bababa&#8221; subtitle_style=&#8221;style2&#8243;][\/vc_column][\/vc_row][vc_row equal_height=&#8221;yes&#8221; content_placement=&#8221;middle&#8221; css=&#8221;.vc_custom_1677544691195{padding-top: 57px !important;}&#8221;][vc_column width=&#8221;1\/4&#8243;][vc_single_image image=&#8221;1007&#8243; img_size=&#8221;full&#8221; alignment=&#8221;center&#8221;][\/vc_column][vc_column width=&#8221;1\/4&#8243;][vc_single_image image=&#8221;1008&#8243; img_size=&#8221;full&#8221; alignment=&#8221;center&#8221;][\/vc_column][vc_column width=&#8221;1\/4&#8243;][vc_single_image image=&#8221;1009&#8243; img_size=&#8221;140&#8243; alignment=&#8221;center&#8221;][\/vc_column][vc_column width=&#8221;1\/4&#8243;][vc_single_image image=&#8221;1010&#8243; img_size=&#8221;full&#8221; alignment=&#8221;center&#8221; css=&#8221;.vc_custom_1677544939575{padding-right: 20px !important;padding-left: 20px !important;}&#8221;][\/vc_column][\/vc_row][vc_row equal_height=&#8221;yes&#8221; content_placement=&#8221;middle&#8221; css=&#8221;.vc_custom_1677545015865{padding-top: 57px !important;padding-bottom: 120px !important;}&#8221;][vc_column width=&#8221;1\/4&#8243;][vc_single_image image=&#8221;1015&#8243; img_size=&#8221;full&#8221; alignment=&#8221;center&#8221; css=&#8221;.vc_custom_1677544930572{padding-right: 20px !important;padding-left: 20px !important;}&#8221;][\/vc_column][vc_column width=&#8221;1\/4&#8243;][vc_single_image image=&#8221;1014&#8243; img_size=&#8221;full&#8221; alignment=&#8221;center&#8221; css=&#8221;.vc_custom_1677544912594{padding-right: 20px !important;padding-left: 20px !important;}&#8221;][\/vc_column][vc_column width=&#8221;1\/4&#8243;][vc_single_image image=&#8221;1016&#8243; img_size=&#8221;full&#8221; alignment=&#8221;center&#8221; css=&#8221;.vc_custom_1677544923231{padding-right: 20px !important;padding-left: 20px !important;}&#8221;][\/vc_column][vc_column width=&#8221;1\/4&#8243;][\/vc_column][\/vc_row]<\/p>\n<\/section>","protected":false},"excerpt":{"rendered":"<p>[vc_row full_width=&#8221;stretch_row_content_no_spaces&#8221;][vc_column css=&#8221;.vc_custom_1541046861726{padding-top: 0px !important;}&#8221;][\/vc_column][\/vc_row][vc_row full_width=&#8221;stretch_row&#8221; css=&#8221;.vc_custom_1677541428716{background-color: #f9f9f9 !important;}&#8221;][vc_column css=&#8221;.vc_custom_1541059605042{padding-top: 113px !important;padding-bottom: 120px !important;}&#8221;][ct_heading text=&#8221;Tipos de Aval\u00faos&#8221; align_lg=&#8221;align-center&#8221; align_md=&#8221;align-center-md&#8221; align_sm=&#8221;align-center-sm&#8221; align_xs=&#8221;align-center-xs&#8221; font_size_md=&#8221;46&#8243; font_size_sm=&#8221;36&#8243; font_size_xs=&#8221;32&#8243; font_weight=&#8221;600&#8243; text_color=&#8221;#0a0a0a&#8221; custom_fonts=&#8221;true&#8221; subtitle=&#8221;Con\u00f3cenos&#8221; subtitle_color=&#8221;#bababa&#8221; subtitle_style=&#8221;style2&#8243;][vc_empty_space height=&#8221;37px&#8221;][vc_row_inner][vc_column_inner width=&#8221;1\/2&#8243; css=&#8221;.vc_custom_1677823931379{padding-top: 30px !important;}&#8221; animation_column=&#8221;fadeInUp&#8221;][ct_fancybox cms_template=&#8221;ct_fancybox&#8211;layout4.php&#8221; title_color=&#8221;#0a0a0a&#8221; description_color=&#8221;#8e8e93&#8243; icon_fontawesome=&#8221;fas fa-city&#8221; icon_color=&#8221;#0a0a0a&#8221; title=&#8221;Aval\u00faos comerciales&#8221; description=&#8221;Se basa en determinar el valor de un inmueble para su [&hellip;]<\/p>\n","protected":false},"author":1,"featured_media":0,"parent":0,"menu_order":0,"comment_status":"closed","ping_status":"closed","template":"","meta":{"footnotes":""},"class_list":["post-8","page","type-page","status-publish","hentry"],"yoast_head":"<!-- This site is optimized with the Yoast SEO plugin v25.6 - https:\/\/yoast.com\/wordpress\/plugins\/seo\/ -->\n<title>Home - InconsultHN Avaluos Honduras<\/title>\n<meta name=\"description\" content=\"Inconsult HN Somos expertos en aval\u00faos certificados por la CNBS y brindamos nuestros servicios en todas las partes del pa\u00eds: Zona Centro \u2013 Zona Sur \u2013 Zona Oriente \u2013 Zona Occidente.\" \/>\n<meta name=\"robots\" content=\"index, follow, max-snippet:-1, max-image-preview:large, max-video-preview:-1\" \/>\n<link rel=\"canonical\" href=\"http:\/\/inconsulthn.com\/\" \/>\n<meta property=\"og:locale\" content=\"es_ES\" \/>\n<meta property=\"og:type\" content=\"article\" \/>\n<meta property=\"og:title\" content=\"Home - InconsultHN Avaluos Honduras\" \/>\n<meta property=\"og:description\" content=\"Inconsult HN Somos expertos en aval\u00faos certificados por la CNBS y brindamos nuestros servicios en todas las partes del pa\u00eds: Zona Centro \u2013 Zona Sur \u2013 Zona Oriente \u2013 Zona Occidente.\" \/>\n<meta property=\"og:url\" content=\"http:\/\/inconsulthn.com\/\" \/>\n<meta property=\"og:site_name\" content=\"InconsultHN Avaluos Honduras\" \/>\n<meta property=\"article:publisher\" content=\"https:\/\/www.facebook.com\/InconsultHN?mibextid=LQQJ4d\" \/>\n<meta property=\"article:modified_time\" content=\"2023-03-17T17:15:00+00:00\" \/>\n<meta property=\"og:image\" content=\"https:\/\/inconsulthn.com\/wp-content\/uploads\/2023\/02\/PHOTO-2022-01-27-16-11-00-removebg-preview.png\" \/>\n\t<meta property=\"og:image:width\" content=\"507\" \/>\n\t<meta property=\"og:image:height\" content=\"492\" \/>\n\t<meta property=\"og:image:type\" content=\"image\/png\" \/>\n<meta name=\"twitter:card\" content=\"summary_large_image\" \/>\n<meta name=\"twitter:label1\" content=\"Tiempo de lectura\" \/>\n\t<meta name=\"twitter:data1\" content=\"2 minutos\" \/>\n<script type=\"application\/ld+json\" class=\"yoast-schema-graph\">{\"@context\":\"https:\/\/schema.org\",\"@graph\":[{\"@type\":\"WebPage\",\"@id\":\"http:\/\/inconsulthn.com\/\",\"url\":\"http:\/\/inconsulthn.com\/\",\"name\":\"Home - InconsultHN Avaluos Honduras\",\"isPartOf\":{\"@id\":\"http:\/\/inconsulthn.com\/#website\"},\"datePublished\":\"2018-10-18T16:24:36+00:00\",\"dateModified\":\"2023-03-17T17:15:00+00:00\",\"description\":\"Inconsult HN Somos expertos en aval\u00faos certificados por la CNBS y brindamos nuestros servicios en todas las partes del pa\u00eds: Zona Centro \u2013 Zona Sur \u2013 Zona Oriente \u2013 Zona Occidente.\",\"breadcrumb\":{\"@id\":\"http:\/\/inconsulthn.com\/#breadcrumb\"},\"inLanguage\":\"es\",\"potentialAction\":[{\"@type\":\"ReadAction\",\"target\":[\"http:\/\/inconsulthn.com\/\"]}]},{\"@type\":\"BreadcrumbList\",\"@id\":\"http:\/\/inconsulthn.com\/#breadcrumb\",\"itemListElement\":[{\"@type\":\"ListItem\",\"position\":1,\"name\":\"Portada\",\"item\":\"http:\/\/inconsulthn.com\/\"},{\"@type\":\"ListItem\",\"position\":2,\"name\":\"Home\"}]},{\"@type\":\"WebSite\",\"@id\":\"http:\/\/inconsulthn.com\/#website\",\"url\":\"http:\/\/inconsulthn.com\/\",\"name\":\"InconsultHN Avaluos Honduras\",\"description\":\"InconsultHN Somos expertos en aval\u00faos certificados por la CNBS y brindamos nuestros servicios en todas las partes del pa\u00eds: Zona Centro \u2013 Zona Sur \u2013 Zona Oriente \u2013 Zona Occidente.\",\"publisher\":{\"@id\":\"http:\/\/inconsulthn.com\/#organization\"},\"potentialAction\":[{\"@type\":\"SearchAction\",\"target\":{\"@type\":\"EntryPoint\",\"urlTemplate\":\"http:\/\/inconsulthn.com\/?s={search_term_string}\"},\"query-input\":{\"@type\":\"PropertyValueSpecification\",\"valueRequired\":true,\"valueName\":\"search_term_string\"}}],\"inLanguage\":\"es\"},{\"@type\":\"Organization\",\"@id\":\"http:\/\/inconsulthn.com\/#organization\",\"name\":\"Inconsult HN Avaluos Honduras\",\"alternateName\":\"Inconsult HN Avaluos Honduras\",\"url\":\"http:\/\/inconsulthn.com\/\",\"logo\":{\"@type\":\"ImageObject\",\"inLanguage\":\"es\",\"@id\":\"http:\/\/inconsulthn.com\/#\/schema\/logo\/image\/\",\"url\":\"https:\/\/inconsulthn.com\/wp-content\/uploads\/2023\/02\/PHOTO-2022-01-27-16-11-00-removebg-preview.png\",\"contentUrl\":\"https:\/\/inconsulthn.com\/wp-content\/uploads\/2023\/02\/PHOTO-2022-01-27-16-11-00-removebg-preview.png\",\"width\":507,\"height\":492,\"caption\":\"Inconsult HN Avaluos Honduras\"},\"image\":{\"@id\":\"http:\/\/inconsulthn.com\/#\/schema\/logo\/image\/\"},\"sameAs\":[\"https:\/\/www.facebook.com\/InconsultHN?mibextid=LQQJ4d\"]}]}<\/script>\n<!-- \/ Yoast SEO plugin. -->","yoast_head_json":{"title":"Home - InconsultHN Avaluos Honduras","description":"Inconsult HN Somos expertos en aval\u00faos certificados por la CNBS y brindamos nuestros servicios en todas las partes del pa\u00eds: Zona Centro \u2013 Zona Sur \u2013 Zona Oriente \u2013 Zona Occidente.","robots":{"index":"index","follow":"follow","max-snippet":"max-snippet:-1","max-image-preview":"max-image-preview:large","max-video-preview":"max-video-preview:-1"},"canonical":"http:\/\/inconsulthn.com\/","og_locale":"es_ES","og_type":"article","og_title":"Home - InconsultHN Avaluos Honduras","og_description":"Inconsult HN Somos expertos en aval\u00faos certificados por la CNBS y brindamos nuestros servicios en todas las partes del pa\u00eds: Zona Centro \u2013 Zona Sur \u2013 Zona Oriente \u2013 Zona Occidente.","og_url":"http:\/\/inconsulthn.com\/","og_site_name":"InconsultHN Avaluos Honduras","article_publisher":"https:\/\/www.facebook.com\/InconsultHN?mibextid=LQQJ4d","article_modified_time":"2023-03-17T17:15:00+00:00","og_image":[{"width":507,"height":492,"url":"https:\/\/inconsulthn.com\/wp-content\/uploads\/2023\/02\/PHOTO-2022-01-27-16-11-00-removebg-preview.png","type":"image\/png"}],"twitter_card":"summary_large_image","twitter_misc":{"Tiempo de lectura":"2 minutos"},"schema":{"@context":"https:\/\/schema.org","@graph":[{"@type":"WebPage","@id":"http:\/\/inconsulthn.com\/","url":"http:\/\/inconsulthn.com\/","name":"Home - InconsultHN Avaluos Honduras","isPartOf":{"@id":"http:\/\/inconsulthn.com\/#website"},"datePublished":"2018-10-18T16:24:36+00:00","dateModified":"2023-03-17T17:15:00+00:00","description":"Inconsult HN Somos expertos en aval\u00faos certificados por la CNBS y brindamos nuestros servicios en todas las partes del pa\u00eds: Zona Centro \u2013 Zona Sur \u2013 Zona Oriente \u2013 Zona Occidente.","breadcrumb":{"@id":"http:\/\/inconsulthn.com\/#breadcrumb"},"inLanguage":"es","potentialAction":[{"@type":"ReadAction","target":["http:\/\/inconsulthn.com\/"]}]},{"@type":"BreadcrumbList","@id":"http:\/\/inconsulthn.com\/#breadcrumb","itemListElement":[{"@type":"ListItem","position":1,"name":"Portada","item":"http:\/\/inconsulthn.com\/"},{"@type":"ListItem","position":2,"name":"Home"}]},{"@type":"WebSite","@id":"http:\/\/inconsulthn.com\/#website","url":"http:\/\/inconsulthn.com\/","name":"InconsultHN Avaluos Honduras","description":"InconsultHN Somos expertos en aval\u00faos certificados por la CNBS y brindamos nuestros servicios en todas las partes del pa\u00eds: Zona Centro \u2013 Zona Sur \u2013 Zona Oriente \u2013 Zona Occidente.","publisher":{"@id":"http:\/\/inconsulthn.com\/#organization"},"potentialAction":[{"@type":"SearchAction","target":{"@type":"EntryPoint","urlTemplate":"http:\/\/inconsulthn.com\/?s={search_term_string}"},"query-input":{"@type":"PropertyValueSpecification","valueRequired":true,"valueName":"search_term_string"}}],"inLanguage":"es"},{"@type":"Organization","@id":"http:\/\/inconsulthn.com\/#organization","name":"Inconsult HN Avaluos Honduras","alternateName":"Inconsult HN Avaluos Honduras","url":"http:\/\/inconsulthn.com\/","logo":{"@type":"ImageObject","inLanguage":"es","@id":"http:\/\/inconsulthn.com\/#\/schema\/logo\/image\/","url":"https:\/\/inconsulthn.com\/wp-content\/uploads\/2023\/02\/PHOTO-2022-01-27-16-11-00-removebg-preview.png","contentUrl":"https:\/\/inconsulthn.com\/wp-content\/uploads\/2023\/02\/PHOTO-2022-01-27-16-11-00-removebg-preview.png","width":507,"height":492,"caption":"Inconsult HN Avaluos Honduras"},"image":{"@id":"http:\/\/inconsulthn.com\/#\/schema\/logo\/image\/"},"sameAs":["https:\/\/www.facebook.com\/InconsultHN?mibextid=LQQJ4d"]}]}},"_links":{"self":[{"href":"https:\/\/inconsulthn.com\/index.php\/wp-json\/wp\/v2\/pages\/8","targetHints":{"allow":["GET"]}}],"collection":[{"href":"https:\/\/inconsulthn.com\/index.php\/wp-json\/wp\/v2\/pages"}],"about":[{"href":"https:\/\/inconsulthn.com\/index.php\/wp-json\/wp\/v2\/types\/page"}],"author":[{"embeddable":true,"href":"https:\/\/inconsulthn.com\/index.php\/wp-json\/wp\/v2\/users\/1"}],"replies":[{"embeddable":true,"href":"https:\/\/inconsulthn.com\/index.php\/wp-json\/wp\/v2\/comments?post=8"}],"version-history":[{"count":35,"href":"https:\/\/inconsulthn.com\/index.php\/wp-json\/wp\/v2\/pages\/8\/revisions"}],"predecessor-version":[{"id":1221,"href":"https:\/\/inconsulthn.com\/index.php\/wp-json\/wp\/v2\/pages\/8\/revisions\/1221"}],"wp:attachment":[{"href":"https:\/\/inconsulthn.com\/index.php\/wp-json\/wp\/v2\/media?parent=8"}],"curies":[{"name":"wp","href":"https:\/\/api.w.org\/{rel}","templated":true}]}}