{"id":2,"date":"2023-02-26T23:22:28","date_gmt":"2023-02-26T23:22:28","guid":{"rendered":"http:\/\/inconsulthn.com\/?page_id=2"},"modified":"2023-03-14T09:50:31","modified_gmt":"2023-03-14T15:50:31","slug":"avaluos","status":"publish","type":"page","link":"https:\/\/inconsulthn.com\/index.php\/avaluos\/","title":{"rendered":"Aval\u00faos"},"content":{"rendered":"<section class=\"wpb-content-wrapper\"><p>[vc_row][vc_column][ct_heading text=&#8221;Aval\u00faos&#8221; align_lg=&#8221;align-center&#8221; align_md=&#8221;align-center-md&#8221; align_sm=&#8221;align-center-sm&#8221; align_xs=&#8221;align-center-xs&#8221; font_weight=&#8221;600&#8243; text_color=&#8221;#0a0a0a&#8221; subtitle_style=&#8221;style2&#8243;][vc_column_text text_align=&#8221;text-center&#8221; text_style=&#8221;text-block1&#8243;]Somos Expertos en aval\u00faos de todo tipo con ingenieros Certificados en la Comision Nacional de Bancos y Seguros CNBS, Brindamos nuestros servicion en cualquier parte del pais, Tegucigalpa , San Pedro Sula, La Ceiba, Choluteca, Danli, Ocotepeque, Etc.<\/p>\r\n<p><strong>COTIZA TU AVALUO AHORA<\/strong><\/p>\r\n<p><!-- \/wp:post-content -->\r\n\r\n<!-- wp:quote {\"extUtilities\":[]} -->[\/vc_column_text][vc_separator][ct_contact_form id=&#8221;1039&#8243; form_style=&#8221;style-dark&#8221;][\/vc_column][\/vc_row][vc_row][vc_column][\/vc_column][\/vc_row]<\/p><\/section>","protected":false},"excerpt":{"rendered":"<p>[vc_row][vc_column][ct_heading text=&#8221;Aval\u00faos&#8221; align_lg=&#8221;align-center&#8221; align_md=&#8221;align-center-md&#8221; align_sm=&#8221;align-center-sm&#8221; align_xs=&#8221;align-center-xs&#8221; font_weight=&#8221;600&#8243; text_color=&#8221;#0a0a0a&#8221; subtitle_style=&#8221;style2&#8243;][vc_column_text text_align=&#8221;text-center&#8221; text_style=&#8221;text-block1&#8243;]Somos Expertos en aval\u00faos de todo tipo con ingenieros Certificados en la Comision Nacional de Bancos y Seguros CNBS, Brindamos nuestros servicion en cualquier parte del pais, Tegucigalpa , San Pedro Sula, La Ceiba, Choluteca, Danli, Ocotepeque, Etc. COTIZA TU AVALUO AHORA [\/vc_column_text][vc_separator][ct_contact_form id=&#8221;1039&#8243; form_style=&#8221;style-dark&#8221;][\/vc_column][\/vc_row][vc_row][vc_column][\/vc_column][\/vc_row]<\/p>\n","protected":false},"author":1,"featured_media":0,"parent":0,"menu_order":0,"comment_status":"closed","ping_status":"open","template":"","meta":{"footnotes":""},"class_list":["post-2","page","type-page","status-publish","hentry"],"yoast_head":"<!-- This site is optimized with the Yoast SEO plugin v25.6 - https:\/\/yoast.com\/wordpress\/plugins\/seo\/ -->\n<title>Aval\u00faos - InconsultHN Avaluos Honduras<\/title>\n<meta name=\"description\" content=\"InconsultHN Somos expertos en aval\u00faos certificados por la CNBS y brindamos nuestros servicios en todas las partes del pa\u00eds: Zona Centro \u2013 Zona Sur \u2013 Zona Oriente \u2013 Zona Occidente.\" \/>\n<meta name=\"robots\" content=\"index, follow, max-snippet:-1, max-image-preview:large, max-video-preview:-1\" \/>\n<link rel=\"canonical\" href=\"http:\/\/inconsulthn.com\/index.php\/avaluos\/\" \/>\n<meta property=\"og:locale\" content=\"es_ES\" \/>\n<meta property=\"og:type\" content=\"article\" \/>\n<meta property=\"og:title\" content=\"Aval\u00faos - InconsultHN Avaluos Honduras\" \/>\n<meta property=\"og:description\" content=\"InconsultHN Somos expertos en aval\u00faos certificados por la CNBS y brindamos nuestros servicios en todas las partes del pa\u00eds: Zona Centro \u2013 Zona Sur \u2013 Zona Oriente \u2013 Zona Occidente.\" \/>\n<meta property=\"og:url\" content=\"http:\/\/inconsulthn.com\/index.php\/avaluos\/\" \/>\n<meta property=\"og:site_name\" content=\"InconsultHN Avaluos Honduras\" \/>\n<meta property=\"article:publisher\" content=\"https:\/\/www.facebook.com\/InconsultHN?mibextid=LQQJ4d\" \/>\n<meta property=\"article:modified_time\" content=\"2023-03-14T15:50:31+00:00\" \/>\n<meta property=\"og:image\" content=\"https:\/\/inconsulthn.com\/wp-content\/uploads\/2023\/02\/PHOTO-2022-01-27-16-11-00-removebg-preview.png\" \/>\n\t<meta property=\"og:image:width\" content=\"507\" \/>\n\t<meta property=\"og:image:height\" content=\"492\" \/>\n\t<meta property=\"og:image:type\" content=\"image\/png\" \/>\n<meta name=\"twitter:card\" content=\"summary_large_image\" \/>\n<meta name=\"twitter:label1\" content=\"Tiempo de lectura\" \/>\n\t<meta name=\"twitter:data1\" content=\"1 minuto\" \/>\n<script type=\"application\/ld+json\" class=\"yoast-schema-graph\">{\"@context\":\"https:\/\/schema.org\",\"@graph\":[{\"@type\":\"WebPage\",\"@id\":\"http:\/\/inconsulthn.com\/index.php\/avaluos\/\",\"url\":\"http:\/\/inconsulthn.com\/index.php\/avaluos\/\",\"name\":\"Aval\u00faos - InconsultHN Avaluos Honduras\",\"isPartOf\":{\"@id\":\"http:\/\/inconsulthn.com\/#website\"},\"datePublished\":\"2023-02-26T23:22:28+00:00\",\"dateModified\":\"2023-03-14T15:50:31+00:00\",\"description\":\"InconsultHN Somos expertos en aval\u00faos certificados por la CNBS y brindamos nuestros servicios en todas las partes del pa\u00eds: Zona Centro \u2013 Zona Sur \u2013 Zona Oriente \u2013 Zona Occidente.\",\"breadcrumb\":{\"@id\":\"http:\/\/inconsulthn.com\/index.php\/avaluos\/#breadcrumb\"},\"inLanguage\":\"es\",\"potentialAction\":[{\"@type\":\"ReadAction\",\"target\":[\"http:\/\/inconsulthn.com\/index.php\/avaluos\/\"]}]},{\"@type\":\"BreadcrumbList\",\"@id\":\"http:\/\/inconsulthn.com\/index.php\/avaluos\/#breadcrumb\",\"itemListElement\":[{\"@type\":\"ListItem\",\"position\":1,\"name\":\"Portada\",\"item\":\"http:\/\/inconsulthn.com\/\"},{\"@type\":\"ListItem\",\"position\":2,\"name\":\"Aval\u00faos\"}]},{\"@type\":\"WebSite\",\"@id\":\"http:\/\/inconsulthn.com\/#website\",\"url\":\"http:\/\/inconsulthn.com\/\",\"name\":\"InconsultHN Avaluos Honduras\",\"description\":\"InconsultHN Somos expertos en aval\u00faos certificados por la CNBS y brindamos nuestros servicios en todas las partes del pa\u00eds: Zona Centro \u2013 Zona Sur \u2013 Zona Oriente \u2013 Zona Occidente.\",\"publisher\":{\"@id\":\"http:\/\/inconsulthn.com\/#organization\"},\"potentialAction\":[{\"@type\":\"SearchAction\",\"target\":{\"@type\":\"EntryPoint\",\"urlTemplate\":\"http:\/\/inconsulthn.com\/?s={search_term_string}\"},\"query-input\":{\"@type\":\"PropertyValueSpecification\",\"valueRequired\":true,\"valueName\":\"search_term_string\"}}],\"inLanguage\":\"es\"},{\"@type\":\"Organization\",\"@id\":\"http:\/\/inconsulthn.com\/#organization\",\"name\":\"Inconsult HN Avaluos Honduras\",\"alternateName\":\"Inconsult HN Avaluos Honduras\",\"url\":\"http:\/\/inconsulthn.com\/\",\"logo\":{\"@type\":\"ImageObject\",\"inLanguage\":\"es\",\"@id\":\"http:\/\/inconsulthn.com\/#\/schema\/logo\/image\/\",\"url\":\"https:\/\/inconsulthn.com\/wp-content\/uploads\/2023\/02\/PHOTO-2022-01-27-16-11-00-removebg-preview.png\",\"contentUrl\":\"https:\/\/inconsulthn.com\/wp-content\/uploads\/2023\/02\/PHOTO-2022-01-27-16-11-00-removebg-preview.png\",\"width\":507,\"height\":492,\"caption\":\"Inconsult HN Avaluos Honduras\"},\"image\":{\"@id\":\"http:\/\/inconsulthn.com\/#\/schema\/logo\/image\/\"},\"sameAs\":[\"https:\/\/www.facebook.com\/InconsultHN?mibextid=LQQJ4d\"]}]}<\/script>\n<!-- \/ Yoast SEO plugin. -->","yoast_head_json":{"title":"Aval\u00faos - InconsultHN Avaluos Honduras","description":"InconsultHN Somos expertos en aval\u00faos certificados por la CNBS y brindamos nuestros servicios en todas las partes del pa\u00eds: Zona Centro \u2013 Zona Sur \u2013 Zona Oriente \u2013 Zona Occidente.","robots":{"index":"index","follow":"follow","max-snippet":"max-snippet:-1","max-image-preview":"max-image-preview:large","max-video-preview":"max-video-preview:-1"},"canonical":"http:\/\/inconsulthn.com\/index.php\/avaluos\/","og_locale":"es_ES","og_type":"article","og_title":"Aval\u00faos - InconsultHN Avaluos Honduras","og_description":"InconsultHN Somos expertos en aval\u00faos certificados por la CNBS y brindamos nuestros servicios en todas las partes del pa\u00eds: Zona Centro \u2013 Zona Sur \u2013 Zona Oriente \u2013 Zona Occidente.","og_url":"http:\/\/inconsulthn.com\/index.php\/avaluos\/","og_site_name":"InconsultHN Avaluos Honduras","article_publisher":"https:\/\/www.facebook.com\/InconsultHN?mibextid=LQQJ4d","article_modified_time":"2023-03-14T15:50:31+00:00","og_image":[{"width":507,"height":492,"url":"https:\/\/inconsulthn.com\/wp-content\/uploads\/2023\/02\/PHOTO-2022-01-27-16-11-00-removebg-preview.png","type":"image\/png"}],"twitter_card":"summary_large_image","twitter_misc":{"Tiempo de lectura":"1 minuto"},"schema":{"@context":"https:\/\/schema.org","@graph":[{"@type":"WebPage","@id":"http:\/\/inconsulthn.com\/index.php\/avaluos\/","url":"http:\/\/inconsulthn.com\/index.php\/avaluos\/","name":"Aval\u00faos - InconsultHN Avaluos Honduras","isPartOf":{"@id":"http:\/\/inconsulthn.com\/#website"},"datePublished":"2023-02-26T23:22:28+00:00","dateModified":"2023-03-14T15:50:31+00:00","description":"InconsultHN Somos expertos en aval\u00faos certificados por la CNBS y brindamos nuestros servicios en todas las partes del pa\u00eds: Zona Centro \u2013 Zona Sur \u2013 Zona Oriente \u2013 Zona Occidente.","breadcrumb":{"@id":"http:\/\/inconsulthn.com\/index.php\/avaluos\/#breadcrumb"},"inLanguage":"es","potentialAction":[{"@type":"ReadAction","target":["http:\/\/inconsulthn.com\/index.php\/avaluos\/"]}]},{"@type":"BreadcrumbList","@id":"http:\/\/inconsulthn.com\/index.php\/avaluos\/#breadcrumb","itemListElement":[{"@type":"ListItem","position":1,"name":"Portada","item":"http:\/\/inconsulthn.com\/"},{"@type":"ListItem","position":2,"name":"Aval\u00faos"}]},{"@type":"WebSite","@id":"http:\/\/inconsulthn.com\/#website","url":"http:\/\/inconsulthn.com\/","name":"InconsultHN Avaluos Honduras","description":"InconsultHN Somos expertos en aval\u00faos certificados por la CNBS y brindamos nuestros servicios en todas las partes del pa\u00eds: Zona Centro \u2013 Zona Sur \u2013 Zona Oriente \u2013 Zona Occidente.","publisher":{"@id":"http:\/\/inconsulthn.com\/#organization"},"potentialAction":[{"@type":"SearchAction","target":{"@type":"EntryPoint","urlTemplate":"http:\/\/inconsulthn.com\/?s={search_term_string}"},"query-input":{"@type":"PropertyValueSpecification","valueRequired":true,"valueName":"search_term_string"}}],"inLanguage":"es"},{"@type":"Organization","@id":"http:\/\/inconsulthn.com\/#organization","name":"Inconsult HN Avaluos Honduras","alternateName":"Inconsult HN Avaluos Honduras","url":"http:\/\/inconsulthn.com\/","logo":{"@type":"ImageObject","inLanguage":"es","@id":"http:\/\/inconsulthn.com\/#\/schema\/logo\/image\/","url":"https:\/\/inconsulthn.com\/wp-content\/uploads\/2023\/02\/PHOTO-2022-01-27-16-11-00-removebg-preview.png","contentUrl":"https:\/\/inconsulthn.com\/wp-content\/uploads\/2023\/02\/PHOTO-2022-01-27-16-11-00-removebg-preview.png","width":507,"height":492,"caption":"Inconsult HN Avaluos Honduras"},"image":{"@id":"http:\/\/inconsulthn.com\/#\/schema\/logo\/image\/"},"sameAs":["https:\/\/www.facebook.com\/InconsultHN?mibextid=LQQJ4d"]}]}},"_links":{"self":[{"href":"https:\/\/inconsulthn.com\/index.php\/wp-json\/wp\/v2\/pages\/2","targetHints":{"allow":["GET"]}}],"collection":[{"href":"https:\/\/inconsulthn.com\/index.php\/wp-json\/wp\/v2\/pages"}],"about":[{"href":"https:\/\/inconsulthn.com\/index.php\/wp-json\/wp\/v2\/types\/page"}],"author":[{"embeddable":true,"href":"https:\/\/inconsulthn.com\/index.php\/wp-json\/wp\/v2\/users\/1"}],"replies":[{"embeddable":true,"href":"https:\/\/inconsulthn.com\/index.php\/wp-json\/wp\/v2\/comments?post=2"}],"version-history":[{"count":36,"href":"https:\/\/inconsulthn.com\/index.php\/wp-json\/wp\/v2\/pages\/2\/revisions"}],"predecessor-version":[{"id":1214,"href":"https:\/\/inconsulthn.com\/index.php\/wp-json\/wp\/v2\/pages\/2\/revisions\/1214"}],"wp:attachment":[{"href":"https:\/\/inconsulthn.com\/index.php\/wp-json\/wp\/v2\/media?parent=2"}],"curies":[{"name":"wp","href":"https:\/\/api.w.org\/{rel}","templated":true}]}}