{"id":1068,"date":"2023-03-02T23:25:57","date_gmt":"2023-03-03T05:25:57","guid":{"rendered":"http:\/\/inconsulthn.com\/?page_id=1068"},"modified":"2023-03-14T09:51:07","modified_gmt":"2023-03-14T15:51:07","slug":"servicios","status":"publish","type":"page","link":"https:\/\/inconsulthn.com\/index.php\/servicios\/","title":{"rendered":"Servicios"},"content":{"rendered":"<section class=\"wpb-content-wrapper\"><p>[vc_row][vc_column][ct_heading text=&#8221;Servicios&#8221; align_lg=&#8221;align-center&#8221; align_md=&#8221;align-center-md&#8221; align_sm=&#8221;align-center-sm&#8221; align_xs=&#8221;align-center-xs&#8221; font_weight=&#8221;600&#8243; text_color=&#8221;#0a0a0a&#8221;][vc_column_text text_align=&#8221;text-center&#8221; text_style=&#8221;text-block1&#8243;]Conoce la variedad de servicios que nuestra empresa ofrece, estamos siempre dispuestos a ayudarle y servirle.[\/vc_column_text][vc_row_inner][\/vc_row_inner][vc_separator][\/vc_column][\/vc_row][vc_row css=&#8221;.vc_custom_1677824172696{padding-bottom: 30px !important;}&#8221;][vc_column width=&#8221;1\/2&#8243;][ct_fancybox cms_template=&#8221;ct_fancybox&#8211;layout4.php&#8221; title_color=&#8221;#0a0a0a&#8221; description_color=&#8221;#8e8e93&#8243; icon_fontawesome=&#8221;fas fa-city&#8221; icon_color=&#8221;#0a0a0a&#8221; title=&#8221;Aval\u00faos comerciales&#8221; description=&#8221;Se basa en determinar el valor de un inmueble para su compra o venta, tomando como referencia el mercado inmobiliario.&#8221;][\/vc_column][vc_column width=&#8221;1\/2&#8243;][ct_fancybox cms_template=&#8221;ct_fancybox&#8211;layout4.php&#8221; title_color=&#8221;#0a0a0a&#8221; description_color=&#8221;#8e8e93&#8243; icon_fontawesome=&#8221;fas fa-user-tie&#8221; title=&#8221;Aval\u00faos Fiscales&#8221; description=&#8221;Justifican el monto que se debe pagar de impuestos, as\u00ed se da a conocer el impuesto predial y el impuesto municipal que debe pagar un nuevo propietario.&#8221;][\/vc_column][\/vc_row][vc_row css=&#8221;.vc_custom_1677824283831{padding-bottom: 30px !important;}&#8221;][vc_column width=&#8221;1\/2&#8243;][ct_fancybox cms_template=&#8221;ct_fancybox&#8211;layout4.php&#8221; title_color=&#8221;#0a0a0a&#8221; description_color=&#8221;#8e8e93&#8243; icon_fontawesome=&#8221;fas fa-university&#8221; icon_color=&#8221;#0a0a0a&#8221; title=&#8221;Aval\u00faos Bancarios&#8221; description=&#8221;Son aval\u00faos requeridos \u00fanicamente exclusivos para tramites bancarios.&#8221;][\/vc_column][vc_column width=&#8221;1\/2&#8243;][ct_fancybox cms_template=&#8221;ct_fancybox&#8211;layout4.php&#8221; title_color=&#8221;#0a0a0a&#8221; description_color=&#8221;#8e8e93&#8243; icon_fontawesome=&#8221;fas fa-hard-hat&#8221; icon_color=&#8221;#0a0a0a&#8221; title=&#8221;Avances de Obra&#8221; description=&#8221;Son aval\u00faos requeridos \u00fanicamente exclusivos para tramites bancarios.&#8221;][\/vc_column][\/vc_row][vc_row][vc_column width=&#8221;1\/2&#8243;][ct_fancybox cms_template=&#8221;ct_fancybox&#8211;layout4.php&#8221; title_color=&#8221;#0a0a0a&#8221; description_color=&#8221;#8e8e93&#8243; icon_fontawesome=&#8221;fas fa-map-marked-alt&#8221; icon_color=&#8221;#0a0a0a&#8221; title=&#8221;Aval\u00faos de Terreno&#8221; description=&#8221;El avaluo de terreno es darle valor al un inmueble sin mejoras o bienes agregados, se determinar su valor por Vr2.&#8221;][\/vc_column][vc_column width=&#8221;1\/2&#8243;][ct_fancybox cms_template=&#8221;ct_fancybox&#8211;layout4.php&#8221; title_color=&#8221;#0a0a0a&#8221; description_color=&#8221;#8e8e93&#8243; icon_fontawesome=&#8221;fas fa-hard-hat&#8221; icon_color=&#8221;#0a0a0a&#8221; title=&#8221;Avaluo de Casas o Apartamentos&#8221; description=&#8221;El avaluo de vivienda o casa consiste en la valorizaci\u00f3n del Terreno mas el valor de un bien<br \/>\nagregado o mejora en el. Estos aval\u00faos se determinan seg\u00fan las caracter\u00edsticas y acabados que posee la vivienda y su valorizaci\u00f3n se determinar por m2.&#8221;][\/vc_column][\/vc_row][vc_row][vc_column width=&#8221;1\/2&#8243;][ct_fancybox cms_template=&#8221;ct_fancybox&#8211;layout4.php&#8221; title_color=&#8221;#0a0a0a&#8221; description_color=&#8221;#8e8e93&#8243; icon_fontawesome=&#8221;fas fa-map-marked-alt&#8221; icon_color=&#8221;#0a0a0a&#8221; title=&#8221;Aval\u00faos de Maquinaria y Equipo&#8221; description=&#8221;Cualquier tipo de bien mueble se determina como maquinaria y equipo es clave para la completa implementaci\u00f3n de las Normas Internacionales de Informaci\u00f3n Financiera. &#8211; NIIF.&#8221;][\/vc_column][vc_column width=&#8221;1\/2&#8243;][\/vc_column][\/vc_row]<\/p>\n<\/section>","protected":false},"excerpt":{"rendered":"<p>[vc_row][vc_column][ct_heading text=&#8221;Servicios&#8221; align_lg=&#8221;align-center&#8221; align_md=&#8221;align-center-md&#8221; align_sm=&#8221;align-center-sm&#8221; align_xs=&#8221;align-center-xs&#8221; font_weight=&#8221;600&#8243; text_color=&#8221;#0a0a0a&#8221;][vc_column_text text_align=&#8221;text-center&#8221; text_style=&#8221;text-block1&#8243;]Conoce la variedad de servicios que nuestra empresa ofrece, estamos siempre dispuestos a ayudarle y servirle.[\/vc_column_text][vc_row_inner][\/vc_row_inner][vc_separator][\/vc_column][\/vc_row][vc_row css=&#8221;.vc_custom_1677824172696{padding-bottom: 30px !important;}&#8221;][vc_column width=&#8221;1\/2&#8243;][ct_fancybox cms_template=&#8221;ct_fancybox&#8211;layout4.php&#8221; title_color=&#8221;#0a0a0a&#8221; description_color=&#8221;#8e8e93&#8243; icon_fontawesome=&#8221;fas fa-city&#8221; icon_color=&#8221;#0a0a0a&#8221; title=&#8221;Aval\u00faos comerciales&#8221; description=&#8221;Se basa en determinar el valor de un inmueble para su compra o venta, tomando como referencia el [&hellip;]<\/p>\n","protected":false},"author":1,"featured_media":0,"parent":0,"menu_order":0,"comment_status":"closed","ping_status":"closed","template":"","meta":{"footnotes":""},"class_list":["post-1068","page","type-page","status-publish","hentry"],"yoast_head":"<!-- This site is optimized with the Yoast SEO plugin v25.6 - https:\/\/yoast.com\/wordpress\/plugins\/seo\/ -->\n<title>Servicios - InconsultHN Avaluos Honduras<\/title>\n<meta name=\"description\" content=\"InconsultHN Somos expertos en aval\u00faos certificados por la CNBS y brindamos nuestros servicios en todas las partes del pa\u00eds: Zona Centro \u2013 Zona Sur \u2013 Zona Oriente \u2013 Zona Occidente.\" \/>\n<meta name=\"robots\" content=\"index, follow, max-snippet:-1, max-image-preview:large, max-video-preview:-1\" \/>\n<link rel=\"canonical\" href=\"http:\/\/inconsulthn.com\/index.php\/servicios\/\" \/>\n<meta property=\"og:locale\" content=\"es_ES\" \/>\n<meta property=\"og:type\" content=\"article\" \/>\n<meta property=\"og:title\" content=\"Servicios - InconsultHN Avaluos Honduras\" \/>\n<meta property=\"og:description\" content=\"InconsultHN Somos expertos en aval\u00faos certificados por la CNBS y brindamos nuestros servicios en todas las partes del pa\u00eds: Zona Centro \u2013 Zona Sur \u2013 Zona Oriente \u2013 Zona Occidente.\" \/>\n<meta property=\"og:url\" content=\"http:\/\/inconsulthn.com\/index.php\/servicios\/\" \/>\n<meta property=\"og:site_name\" content=\"InconsultHN Avaluos Honduras\" \/>\n<meta property=\"article:publisher\" content=\"https:\/\/www.facebook.com\/InconsultHN?mibextid=LQQJ4d\" \/>\n<meta property=\"article:modified_time\" content=\"2023-03-14T15:51:07+00:00\" \/>\n<meta property=\"og:image\" content=\"https:\/\/inconsulthn.com\/wp-content\/uploads\/2023\/02\/PHOTO-2022-01-27-16-11-00-removebg-preview.png\" \/>\n\t<meta property=\"og:image:width\" content=\"507\" \/>\n\t<meta property=\"og:image:height\" content=\"492\" \/>\n\t<meta property=\"og:image:type\" content=\"image\/png\" \/>\n<meta name=\"twitter:card\" content=\"summary_large_image\" \/>\n<meta name=\"twitter:label1\" content=\"Tiempo de lectura\" \/>\n\t<meta name=\"twitter:data1\" content=\"3 minutos\" \/>\n<script type=\"application\/ld+json\" class=\"yoast-schema-graph\">{\"@context\":\"https:\/\/schema.org\",\"@graph\":[{\"@type\":\"WebPage\",\"@id\":\"http:\/\/inconsulthn.com\/index.php\/servicios\/\",\"url\":\"http:\/\/inconsulthn.com\/index.php\/servicios\/\",\"name\":\"Servicios - InconsultHN Avaluos Honduras\",\"isPartOf\":{\"@id\":\"http:\/\/inconsulthn.com\/#website\"},\"datePublished\":\"2023-03-03T05:25:57+00:00\",\"dateModified\":\"2023-03-14T15:51:07+00:00\",\"description\":\"InconsultHN Somos expertos en aval\u00faos certificados por la CNBS y brindamos nuestros servicios en todas las partes del pa\u00eds: Zona Centro \u2013 Zona Sur \u2013 Zona Oriente \u2013 Zona Occidente.\",\"breadcrumb\":{\"@id\":\"http:\/\/inconsulthn.com\/index.php\/servicios\/#breadcrumb\"},\"inLanguage\":\"es\",\"potentialAction\":[{\"@type\":\"ReadAction\",\"target\":[\"http:\/\/inconsulthn.com\/index.php\/servicios\/\"]}]},{\"@type\":\"BreadcrumbList\",\"@id\":\"http:\/\/inconsulthn.com\/index.php\/servicios\/#breadcrumb\",\"itemListElement\":[{\"@type\":\"ListItem\",\"position\":1,\"name\":\"Portada\",\"item\":\"http:\/\/inconsulthn.com\/\"},{\"@type\":\"ListItem\",\"position\":2,\"name\":\"Servicios\"}]},{\"@type\":\"WebSite\",\"@id\":\"http:\/\/inconsulthn.com\/#website\",\"url\":\"http:\/\/inconsulthn.com\/\",\"name\":\"InconsultHN Avaluos Honduras\",\"description\":\"InconsultHN Somos expertos en aval\u00faos certificados por la CNBS y brindamos nuestros servicios en todas las partes del pa\u00eds: Zona Centro \u2013 Zona Sur \u2013 Zona Oriente \u2013 Zona Occidente.\",\"publisher\":{\"@id\":\"http:\/\/inconsulthn.com\/#organization\"},\"potentialAction\":[{\"@type\":\"SearchAction\",\"target\":{\"@type\":\"EntryPoint\",\"urlTemplate\":\"http:\/\/inconsulthn.com\/?s={search_term_string}\"},\"query-input\":{\"@type\":\"PropertyValueSpecification\",\"valueRequired\":true,\"valueName\":\"search_term_string\"}}],\"inLanguage\":\"es\"},{\"@type\":\"Organization\",\"@id\":\"http:\/\/inconsulthn.com\/#organization\",\"name\":\"Inconsult HN Avaluos Honduras\",\"alternateName\":\"Inconsult HN Avaluos Honduras\",\"url\":\"http:\/\/inconsulthn.com\/\",\"logo\":{\"@type\":\"ImageObject\",\"inLanguage\":\"es\",\"@id\":\"http:\/\/inconsulthn.com\/#\/schema\/logo\/image\/\",\"url\":\"https:\/\/inconsulthn.com\/wp-content\/uploads\/2023\/02\/PHOTO-2022-01-27-16-11-00-removebg-preview.png\",\"contentUrl\":\"https:\/\/inconsulthn.com\/wp-content\/uploads\/2023\/02\/PHOTO-2022-01-27-16-11-00-removebg-preview.png\",\"width\":507,\"height\":492,\"caption\":\"Inconsult HN Avaluos Honduras\"},\"image\":{\"@id\":\"http:\/\/inconsulthn.com\/#\/schema\/logo\/image\/\"},\"sameAs\":[\"https:\/\/www.facebook.com\/InconsultHN?mibextid=LQQJ4d\"]}]}<\/script>\n<!-- \/ Yoast SEO plugin. -->","yoast_head_json":{"title":"Servicios - InconsultHN Avaluos Honduras","description":"InconsultHN Somos expertos en aval\u00faos certificados por la CNBS y brindamos nuestros servicios en todas las partes del pa\u00eds: Zona Centro \u2013 Zona Sur \u2013 Zona Oriente \u2013 Zona Occidente.","robots":{"index":"index","follow":"follow","max-snippet":"max-snippet:-1","max-image-preview":"max-image-preview:large","max-video-preview":"max-video-preview:-1"},"canonical":"http:\/\/inconsulthn.com\/index.php\/servicios\/","og_locale":"es_ES","og_type":"article","og_title":"Servicios - InconsultHN Avaluos Honduras","og_description":"InconsultHN Somos expertos en aval\u00faos certificados por la CNBS y brindamos nuestros servicios en todas las partes del pa\u00eds: Zona Centro \u2013 Zona Sur \u2013 Zona Oriente \u2013 Zona Occidente.","og_url":"http:\/\/inconsulthn.com\/index.php\/servicios\/","og_site_name":"InconsultHN Avaluos Honduras","article_publisher":"https:\/\/www.facebook.com\/InconsultHN?mibextid=LQQJ4d","article_modified_time":"2023-03-14T15:51:07+00:00","og_image":[{"width":507,"height":492,"url":"https:\/\/inconsulthn.com\/wp-content\/uploads\/2023\/02\/PHOTO-2022-01-27-16-11-00-removebg-preview.png","type":"image\/png"}],"twitter_card":"summary_large_image","twitter_misc":{"Tiempo de lectura":"3 minutos"},"schema":{"@context":"https:\/\/schema.org","@graph":[{"@type":"WebPage","@id":"http:\/\/inconsulthn.com\/index.php\/servicios\/","url":"http:\/\/inconsulthn.com\/index.php\/servicios\/","name":"Servicios - InconsultHN Avaluos Honduras","isPartOf":{"@id":"http:\/\/inconsulthn.com\/#website"},"datePublished":"2023-03-03T05:25:57+00:00","dateModified":"2023-03-14T15:51:07+00:00","description":"InconsultHN Somos expertos en aval\u00faos certificados por la CNBS y brindamos nuestros servicios en todas las partes del pa\u00eds: Zona Centro \u2013 Zona Sur \u2013 Zona Oriente \u2013 Zona Occidente.","breadcrumb":{"@id":"http:\/\/inconsulthn.com\/index.php\/servicios\/#breadcrumb"},"inLanguage":"es","potentialAction":[{"@type":"ReadAction","target":["http:\/\/inconsulthn.com\/index.php\/servicios\/"]}]},{"@type":"BreadcrumbList","@id":"http:\/\/inconsulthn.com\/index.php\/servicios\/#breadcrumb","itemListElement":[{"@type":"ListItem","position":1,"name":"Portada","item":"http:\/\/inconsulthn.com\/"},{"@type":"ListItem","position":2,"name":"Servicios"}]},{"@type":"WebSite","@id":"http:\/\/inconsulthn.com\/#website","url":"http:\/\/inconsulthn.com\/","name":"InconsultHN Avaluos Honduras","description":"InconsultHN Somos expertos en aval\u00faos certificados por la CNBS y brindamos nuestros servicios en todas las partes del pa\u00eds: Zona Centro \u2013 Zona Sur \u2013 Zona Oriente \u2013 Zona Occidente.","publisher":{"@id":"http:\/\/inconsulthn.com\/#organization"},"potentialAction":[{"@type":"SearchAction","target":{"@type":"EntryPoint","urlTemplate":"http:\/\/inconsulthn.com\/?s={search_term_string}"},"query-input":{"@type":"PropertyValueSpecification","valueRequired":true,"valueName":"search_term_string"}}],"inLanguage":"es"},{"@type":"Organization","@id":"http:\/\/inconsulthn.com\/#organization","name":"Inconsult HN Avaluos Honduras","alternateName":"Inconsult HN Avaluos Honduras","url":"http:\/\/inconsulthn.com\/","logo":{"@type":"ImageObject","inLanguage":"es","@id":"http:\/\/inconsulthn.com\/#\/schema\/logo\/image\/","url":"https:\/\/inconsulthn.com\/wp-content\/uploads\/2023\/02\/PHOTO-2022-01-27-16-11-00-removebg-preview.png","contentUrl":"https:\/\/inconsulthn.com\/wp-content\/uploads\/2023\/02\/PHOTO-2022-01-27-16-11-00-removebg-preview.png","width":507,"height":492,"caption":"Inconsult HN Avaluos Honduras"},"image":{"@id":"http:\/\/inconsulthn.com\/#\/schema\/logo\/image\/"},"sameAs":["https:\/\/www.facebook.com\/InconsultHN?mibextid=LQQJ4d"]}]}},"_links":{"self":[{"href":"https:\/\/inconsulthn.com\/index.php\/wp-json\/wp\/v2\/pages\/1068","targetHints":{"allow":["GET"]}}],"collection":[{"href":"https:\/\/inconsulthn.com\/index.php\/wp-json\/wp\/v2\/pages"}],"about":[{"href":"https:\/\/inconsulthn.com\/index.php\/wp-json\/wp\/v2\/types\/page"}],"author":[{"embeddable":true,"href":"https:\/\/inconsulthn.com\/index.php\/wp-json\/wp\/v2\/users\/1"}],"replies":[{"embeddable":true,"href":"https:\/\/inconsulthn.com\/index.php\/wp-json\/wp\/v2\/comments?post=1068"}],"version-history":[{"count":9,"href":"https:\/\/inconsulthn.com\/index.php\/wp-json\/wp\/v2\/pages\/1068\/revisions"}],"predecessor-version":[{"id":1217,"href":"https:\/\/inconsulthn.com\/index.php\/wp-json\/wp\/v2\/pages\/1068\/revisions\/1217"}],"wp:attachment":[{"href":"https:\/\/inconsulthn.com\/index.php\/wp-json\/wp\/v2\/media?parent=1068"}],"curies":[{"name":"wp","href":"https:\/\/api.w.org\/{rel}","templated":true}]}}