{"id":1065,"date":"2023-03-02T23:24:51","date_gmt":"2023-03-03T05:24:51","guid":{"rendered":"http:\/\/inconsulthn.com\/?page_id=1065"},"modified":"2023-03-14T09:50:07","modified_gmt":"2023-03-14T15:50:07","slug":"construcciones","status":"publish","type":"page","link":"https:\/\/inconsulthn.com\/index.php\/construcciones\/","title":{"rendered":"Construcciones"},"content":{"rendered":"<section class=\"wpb-content-wrapper\"><p>[vc_row][vc_column][ct_heading text=&#8221;Construcciones&#8221; align_lg=&#8221;align-center&#8221; align_md=&#8221;align-center-md&#8221; align_sm=&#8221;align-center-sm&#8221; align_xs=&#8221;align-center-xs&#8221; font_weight=&#8221;600&#8243; text_color=&#8221;#0a0a0a&#8221; margin_bottom=&#8221;30&#8243;][vc_column_text text_align=&#8221;text-center&#8221; text_style=&#8221;text-block1&#8243;]Conoce nuestros modelos mas populares, brindamos soluciones \u00f3ptimas para nuestros clientes con dise\u00f1os modernos y frescos, con el fin de satisfacer todas sus necesidades.[\/vc_column_text][vc_separator][\/vc_column][\/vc_row][vc_row][vc_column width=&#8221;1\/2&#8243;][vc_single_image image=&#8221;1072&#8243; img_size=&#8221;full&#8221; css=&#8221;.vc_custom_1677822867089{padding-right: 30px !important;}&#8221;][\/vc_column][vc_column width=&#8221;1\/2&#8243;][ct_heading text=&#8221;Modelo Cancun 115m2&#8243; tag=&#8221;h4&#8243; font_weight=&#8221;600&#8243; text_color=&#8221;#0a0a0a&#8221;][vc_column_text text_style=&#8221;text-block1&#8243;]Conoce uno de nuestros modelos estrella, Canc\u00fan cumple con todas las necesidades de nuestros clientes y cumple con un dise\u00f1o \u00fanico y moderno.[\/vc_column_text][vc_separator css=&#8221;.vc_custom_1677822378750{margin-bottom: 0px !important;border-bottom-width: 0px !important;padding-bottom: 0px !important;}&#8221;][ct_heading text=&#8221;Caracter\u00edsticas:&#8221; tag=&#8221;h5&#8243; font_weight=&#8221;600&#8243; text_color=&#8221;#0a0a0a&#8221; margin_top=&#8221;30&#8243;][vc_row_inner css=&#8221;.vc_custom_1677822418325{margin-top: 0px !important;border-top-width: 0px !important;padding-top: 0px !important;}&#8221;][vc_column_inner width=&#8221;1\/3&#8243; css=&#8221;.vc_custom_1677822219193{margin-top: 0px !important;border-top-width: 0px !important;padding-top: 0px !important;}&#8221;][vc_icon icon_fontawesome=&#8221;fas fa-bed&#8221; color=&#8221;black&#8221; align=&#8221;center&#8221; css=&#8221;.vc_custom_1677821728581{margin-bottom: 0px !important;border-bottom-width: 0px !important;padding-bottom: 0px !important;}&#8221;][vc_column_text text_align=&#8221;text-center&#8221; text_style=&#8221;text-block1&#8243;]3 Habitaciones[\/vc_column_text][\/vc_column_inner][vc_column_inner width=&#8221;1\/3&#8243; css=&#8221;.vc_custom_1677822413525{margin-top: 0px !important;border-top-width: 0px !important;padding-top: 0px !important;}&#8221;][vc_icon icon_fontawesome=&#8221;fas fa-toilet&#8221; color=&#8221;black&#8221; align=&#8221;center&#8221; css=&#8221;.vc_custom_1677821755182{margin-bottom: 0px !important;border-bottom-width: 0px !important;padding-bottom: 0px !important;}&#8221;][vc_column_text text_align=&#8221;text-center&#8221; text_style=&#8221;text-block1&#8243;]2.5 Ba\u00f1os[\/vc_column_text][\/vc_column_inner][vc_column_inner width=&#8221;1\/3&#8243; css=&#8221;.vc_custom_1677822427686{margin-top: 0px !important;border-top-width: 0px !important;padding-top: 0px !important;}&#8221;][vc_icon icon_fontawesome=&#8221;fas fa-car&#8221; color=&#8221;black&#8221; align=&#8221;center&#8221; css=&#8221;.vc_custom_1677821801788{margin-bottom: 0px !important;border-bottom-width: 0px !important;padding-bottom: 0px !important;}&#8221;][vc_column_text text_align=&#8221;text-center&#8221; text_style=&#8221;text-block1&#8243;]2 Garaje[\/vc_column_text][\/vc_column_inner][\/vc_row_inner][vc_row_inner][vc_column_inner width=&#8221;1\/3&#8243;][vc_icon icon_fontawesome=&#8221;fas fa-couch&#8221; color=&#8221;black&#8221; align=&#8221;center&#8221; css=&#8221;.vc_custom_1677822443098{margin-top: 0px !important;margin-bottom: 0px !important;border-top-width: 0px !important;border-bottom-width: 0px !important;padding-top: 0px !important;padding-bottom: 0px !important;}&#8221;][vc_column_text text_align=&#8221;text-center&#8221; text_style=&#8221;text-block1&#8243;]Sala[\/vc_column_text][\/vc_column_inner][vc_column_inner width=&#8221;1\/3&#8243;][vc_icon icon_fontawesome=&#8221;fas fa-utensils&#8221; color=&#8221;black&#8221; align=&#8221;center&#8221; css=&#8221;.vc_custom_1677822447813{margin-top: 0px !important;margin-bottom: 0px !important;border-top-width: 0px !important;border-bottom-width: 0px !important;padding-top: 0px !important;padding-bottom: 0px !important;}&#8221;][vc_column_text text_align=&#8221;text-center&#8221; text_style=&#8221;text-block1&#8243;]Comedor[\/vc_column_text][\/vc_column_inner][vc_column_inner width=&#8221;1\/3&#8243;][vc_icon icon_fontawesome=&#8221;fas fa-swimming-pool&#8221; color=&#8221;black&#8221; align=&#8221;center&#8221; css=&#8221;.vc_custom_1677822453978{margin-top: 0px !important;margin-bottom: 0px !important;border-top-width: 0px !important;border-bottom-width: 0px !important;padding-top: 0px !important;padding-bottom: 0px !important;}&#8221;][vc_column_text text_align=&#8221;text-center&#8221; text_style=&#8221;text-block1&#8243;]Lavander\u00eda[\/vc_column_text][\/vc_column_inner][\/vc_row_inner][vc_row_inner][vc_column_inner][vc_separator css=&#8221;.vc_custom_1677822378750{margin-bottom: 0px !important;border-bottom-width: 0px !important;padding-bottom: 0px !important;}&#8221;][ct_heading text=&#8221;Documentaci\u00f3n:&#8221; tag=&#8221;h5&#8243; font_weight=&#8221;600&#8243; text_color=&#8221;#0a0a0a&#8221; margin_top=&#8221;30&#8243;][\/vc_column_inner][\/vc_row_inner][ct_button button_text=&#8221;Ver Distribuci\u00f3n&#8221; button_link=&#8221;url:http%3A%2F%2Finconsulthn.com%2Fwp-content%2Fuploads%2F2023%2F03%2Fcancun.pdf|title:Ver%20Planos|target:_blank&#8221;][\/vc_column][\/vc_row][vc_row][vc_column][vc_single_image image=&#8221;1071&#8243; img_size=&#8221;full&#8221; css=&#8221;.vc_custom_1677823143217{padding-bottom: 100px !important;}&#8221;][\/vc_column][\/vc_row][vc_row][vc_column width=&#8221;1\/2&#8243;][ct_heading text=&#8221;Modelo Stark Tipo Colonial&#8221; tag=&#8221;h4&#8243; font_weight=&#8221;600&#8243; text_color=&#8221;#0a0a0a&#8221;][vc_column_text text_style=&#8221;text-block1&#8243;]Un concepto totalmente diferente que satisface los gustos m\u00e1s exigentes, con un estilo Colonial \u00fanico con detalles que no se pueden pasar desapercibidos.[\/vc_column_text][vc_separator css=&#8221;.vc_custom_1677822378750{margin-bottom: 0px !important;border-bottom-width: 0px !important;padding-bottom: 0px !important;}&#8221;][ct_heading text=&#8221;Caracter\u00edsticas:&#8221; tag=&#8221;h5&#8243; font_weight=&#8221;600&#8243; text_color=&#8221;#0a0a0a&#8221; margin_top=&#8221;30&#8243;][vc_row_inner css=&#8221;.vc_custom_1677822418325{margin-top: 0px !important;border-top-width: 0px !important;padding-top: 0px !important;}&#8221;][vc_column_inner width=&#8221;1\/3&#8243; css=&#8221;.vc_custom_1677822219193{margin-top: 0px !important;border-top-width: 0px !important;padding-top: 0px !important;}&#8221;][vc_icon icon_fontawesome=&#8221;fas fa-bed&#8221; color=&#8221;black&#8221; align=&#8221;center&#8221; css=&#8221;.vc_custom_1677821728581{margin-bottom: 0px !important;border-bottom-width: 0px !important;padding-bottom: 0px !important;}&#8221;][vc_column_text text_align=&#8221;text-center&#8221; text_style=&#8221;text-block1&#8243;]4 Habitaciones[\/vc_column_text][\/vc_column_inner][vc_column_inner width=&#8221;1\/3&#8243; css=&#8221;.vc_custom_1677822413525{margin-top: 0px !important;border-top-width: 0px !important;padding-top: 0px !important;}&#8221;][vc_icon icon_fontawesome=&#8221;fas fa-toilet&#8221; color=&#8221;black&#8221; align=&#8221;center&#8221; css=&#8221;.vc_custom_1677821755182{margin-bottom: 0px !important;border-bottom-width: 0px !important;padding-bottom: 0px !important;}&#8221;][vc_column_text text_align=&#8221;text-center&#8221; text_style=&#8221;text-block1&#8243;]4.5 Ba\u00f1os[\/vc_column_text][\/vc_column_inner][vc_column_inner width=&#8221;1\/3&#8243; css=&#8221;.vc_custom_1677822427686{margin-top: 0px !important;border-top-width: 0px !important;padding-top: 0px !important;}&#8221;][vc_icon icon_fontawesome=&#8221;fas fa-car&#8221; color=&#8221;black&#8221; align=&#8221;center&#8221; css=&#8221;.vc_custom_1677821801788{margin-bottom: 0px !important;border-bottom-width: 0px !important;padding-bottom: 0px !important;}&#8221;][vc_column_text text_align=&#8221;text-center&#8221; text_style=&#8221;text-block1&#8243;]2 Garaje[\/vc_column_text][\/vc_column_inner][\/vc_row_inner][vc_row_inner][vc_column_inner width=&#8221;1\/3&#8243;][vc_icon icon_fontawesome=&#8221;fas fa-couch&#8221; color=&#8221;black&#8221; align=&#8221;center&#8221; css=&#8221;.vc_custom_1677822443098{margin-top: 0px !important;margin-bottom: 0px !important;border-top-width: 0px !important;border-bottom-width: 0px !important;padding-top: 0px !important;padding-bottom: 0px !important;}&#8221;][vc_column_text text_align=&#8221;text-center&#8221; text_style=&#8221;text-block1&#8243;]2 Salas[\/vc_column_text][\/vc_column_inner][vc_column_inner width=&#8221;1\/3&#8243;][vc_icon icon_fontawesome=&#8221;fas fa-utensils&#8221; color=&#8221;black&#8221; align=&#8221;center&#8221; css=&#8221;.vc_custom_1677822447813{margin-top: 0px !important;margin-bottom: 0px !important;border-top-width: 0px !important;border-bottom-width: 0px !important;padding-top: 0px !important;padding-bottom: 0px !important;}&#8221;][vc_column_text text_align=&#8221;text-center&#8221; text_style=&#8221;text-block1&#8243;]Comedor[\/vc_column_text][\/vc_column_inner][vc_column_inner width=&#8221;1\/3&#8243;][vc_icon icon_fontawesome=&#8221;fas fa-swimming-pool&#8221; color=&#8221;black&#8221; align=&#8221;center&#8221; css=&#8221;.vc_custom_1677822453978{margin-top: 0px !important;margin-bottom: 0px !important;border-top-width: 0px !important;border-bottom-width: 0px !important;padding-top: 0px !important;padding-bottom: 0px !important;}&#8221;][vc_column_text text_align=&#8221;text-center&#8221; text_style=&#8221;text-block1&#8243;]Lavander\u00eda[\/vc_column_text][\/vc_column_inner][\/vc_row_inner][vc_separator css=&#8221;.vc_custom_1677822378750{margin-bottom: 0px !important;border-bottom-width: 0px !important;padding-bottom: 0px !important;}&#8221;][vc_row_inner][vc_column_inner][ct_heading text=&#8221;Documentaci\u00f3n:&#8221; tag=&#8221;h5&#8243; font_weight=&#8221;600&#8243; text_color=&#8221;#0a0a0a&#8221; margin_top=&#8221;30&#8243;][ct_button button_text=&#8221;Ver Distribuci\u00f3n&#8221; button_link=&#8221;url:http%3A%2F%2Finconsulthn.com%2Fwp-content%2Fuploads%2F2023%2F03%2FRENDERS.pdf|title:Ver%20Planos|target:_blank&#8221;][\/vc_column_inner][\/vc_row_inner][\/vc_column][vc_column width=&#8221;1\/2&#8243;][vc_single_image image=&#8221;1083&#8243; img_size=&#8221;full&#8221; css=&#8221;.vc_custom_1677823458108{padding-right: 30px !important;}&#8221;][\/vc_column][\/vc_row][vc_row css=&#8221;.vc_custom_1677823513062{padding-top: 30px !important;}&#8221;][vc_column][vc_single_image image=&#8221;1082&#8243; img_size=&#8221;full&#8221;][\/vc_column][\/vc_row]<\/p>\n<\/section>","protected":false},"excerpt":{"rendered":"<p>[vc_row][vc_column][ct_heading text=&#8221;Construcciones&#8221; align_lg=&#8221;align-center&#8221; align_md=&#8221;align-center-md&#8221; align_sm=&#8221;align-center-sm&#8221; align_xs=&#8221;align-center-xs&#8221; font_weight=&#8221;600&#8243; text_color=&#8221;#0a0a0a&#8221; margin_bottom=&#8221;30&#8243;][vc_column_text text_align=&#8221;text-center&#8221; text_style=&#8221;text-block1&#8243;]Conoce nuestros modelos mas populares, brindamos soluciones \u00f3ptimas para nuestros clientes con dise\u00f1os modernos y frescos, con el fin de satisfacer todas sus necesidades.[\/vc_column_text][vc_separator][\/vc_column][\/vc_row][vc_row][vc_column width=&#8221;1\/2&#8243;][vc_single_image image=&#8221;1072&#8243; img_size=&#8221;full&#8221; css=&#8221;.vc_custom_1677822867089{padding-right: 30px !important;}&#8221;][\/vc_column][vc_column width=&#8221;1\/2&#8243;][ct_heading text=&#8221;Modelo Cancun 115m2&#8243; tag=&#8221;h4&#8243; font_weight=&#8221;600&#8243; text_color=&#8221;#0a0a0a&#8221;][vc_column_text text_style=&#8221;text-block1&#8243;]Conoce uno de nuestros modelos estrella, Canc\u00fan cumple [&hellip;]<\/p>\n","protected":false},"author":1,"featured_media":0,"parent":0,"menu_order":0,"comment_status":"closed","ping_status":"closed","template":"","meta":{"footnotes":""},"class_list":["post-1065","page","type-page","status-publish","hentry"],"yoast_head":"<!-- This site is optimized with the Yoast SEO plugin v25.6 - https:\/\/yoast.com\/wordpress\/plugins\/seo\/ -->\n<title>Construcciones - InconsultHN Avaluos Honduras<\/title>\n<meta name=\"description\" content=\"InconsultHN Somos expertos en aval\u00faos certificados por la CNBS y brindamos nuestros servicios en todas las partes del pa\u00eds: Zona Centro \u2013 Zona Sur \u2013 Zona Oriente \u2013 Zona Occidente.\" \/>\n<meta name=\"robots\" content=\"index, follow, max-snippet:-1, max-image-preview:large, max-video-preview:-1\" \/>\n<link rel=\"canonical\" href=\"http:\/\/inconsulthn.com\/index.php\/construcciones\/\" \/>\n<meta property=\"og:locale\" content=\"es_ES\" \/>\n<meta property=\"og:type\" content=\"article\" \/>\n<meta property=\"og:title\" content=\"Construcciones - InconsultHN Avaluos Honduras\" \/>\n<meta property=\"og:description\" content=\"InconsultHN Somos expertos en aval\u00faos certificados por la CNBS y brindamos nuestros servicios en todas las partes del pa\u00eds: Zona Centro \u2013 Zona Sur \u2013 Zona Oriente \u2013 Zona Occidente.\" \/>\n<meta property=\"og:url\" content=\"http:\/\/inconsulthn.com\/index.php\/construcciones\/\" \/>\n<meta property=\"og:site_name\" content=\"InconsultHN Avaluos Honduras\" \/>\n<meta property=\"article:publisher\" content=\"https:\/\/www.facebook.com\/InconsultHN?mibextid=LQQJ4d\" \/>\n<meta property=\"article:modified_time\" content=\"2023-03-14T15:50:07+00:00\" \/>\n<meta property=\"og:image\" content=\"https:\/\/inconsulthn.com\/wp-content\/uploads\/2023\/02\/PHOTO-2022-01-27-16-11-00-removebg-preview.png\" \/>\n\t<meta property=\"og:image:width\" content=\"507\" \/>\n\t<meta property=\"og:image:height\" content=\"492\" \/>\n\t<meta property=\"og:image:type\" content=\"image\/png\" \/>\n<meta name=\"twitter:card\" content=\"summary_large_image\" \/>\n<meta name=\"twitter:label1\" content=\"Tiempo de lectura\" \/>\n\t<meta name=\"twitter:data1\" content=\"6 minutos\" \/>\n<script type=\"application\/ld+json\" class=\"yoast-schema-graph\">{\"@context\":\"https:\/\/schema.org\",\"@graph\":[{\"@type\":\"WebPage\",\"@id\":\"http:\/\/inconsulthn.com\/index.php\/construcciones\/\",\"url\":\"http:\/\/inconsulthn.com\/index.php\/construcciones\/\",\"name\":\"Construcciones - InconsultHN Avaluos Honduras\",\"isPartOf\":{\"@id\":\"http:\/\/inconsulthn.com\/#website\"},\"datePublished\":\"2023-03-03T05:24:51+00:00\",\"dateModified\":\"2023-03-14T15:50:07+00:00\",\"description\":\"InconsultHN Somos expertos en aval\u00faos certificados por la CNBS y brindamos nuestros servicios en todas las partes del pa\u00eds: Zona Centro \u2013 Zona Sur \u2013 Zona Oriente \u2013 Zona Occidente.\",\"breadcrumb\":{\"@id\":\"http:\/\/inconsulthn.com\/index.php\/construcciones\/#breadcrumb\"},\"inLanguage\":\"es\",\"potentialAction\":[{\"@type\":\"ReadAction\",\"target\":[\"http:\/\/inconsulthn.com\/index.php\/construcciones\/\"]}]},{\"@type\":\"BreadcrumbList\",\"@id\":\"http:\/\/inconsulthn.com\/index.php\/construcciones\/#breadcrumb\",\"itemListElement\":[{\"@type\":\"ListItem\",\"position\":1,\"name\":\"Portada\",\"item\":\"http:\/\/inconsulthn.com\/\"},{\"@type\":\"ListItem\",\"position\":2,\"name\":\"Construcciones\"}]},{\"@type\":\"WebSite\",\"@id\":\"http:\/\/inconsulthn.com\/#website\",\"url\":\"http:\/\/inconsulthn.com\/\",\"name\":\"InconsultHN Avaluos Honduras\",\"description\":\"InconsultHN Somos expertos en aval\u00faos certificados por la CNBS y brindamos nuestros servicios en todas las partes del pa\u00eds: Zona Centro \u2013 Zona Sur \u2013 Zona Oriente \u2013 Zona Occidente.\",\"publisher\":{\"@id\":\"http:\/\/inconsulthn.com\/#organization\"},\"potentialAction\":[{\"@type\":\"SearchAction\",\"target\":{\"@type\":\"EntryPoint\",\"urlTemplate\":\"http:\/\/inconsulthn.com\/?s={search_term_string}\"},\"query-input\":{\"@type\":\"PropertyValueSpecification\",\"valueRequired\":true,\"valueName\":\"search_term_string\"}}],\"inLanguage\":\"es\"},{\"@type\":\"Organization\",\"@id\":\"http:\/\/inconsulthn.com\/#organization\",\"name\":\"Inconsult HN Avaluos Honduras\",\"alternateName\":\"Inconsult HN Avaluos Honduras\",\"url\":\"http:\/\/inconsulthn.com\/\",\"logo\":{\"@type\":\"ImageObject\",\"inLanguage\":\"es\",\"@id\":\"http:\/\/inconsulthn.com\/#\/schema\/logo\/image\/\",\"url\":\"https:\/\/inconsulthn.com\/wp-content\/uploads\/2023\/02\/PHOTO-2022-01-27-16-11-00-removebg-preview.png\",\"contentUrl\":\"https:\/\/inconsulthn.com\/wp-content\/uploads\/2023\/02\/PHOTO-2022-01-27-16-11-00-removebg-preview.png\",\"width\":507,\"height\":492,\"caption\":\"Inconsult HN Avaluos Honduras\"},\"image\":{\"@id\":\"http:\/\/inconsulthn.com\/#\/schema\/logo\/image\/\"},\"sameAs\":[\"https:\/\/www.facebook.com\/InconsultHN?mibextid=LQQJ4d\"]}]}<\/script>\n<!-- \/ Yoast SEO plugin. -->","yoast_head_json":{"title":"Construcciones - InconsultHN Avaluos Honduras","description":"InconsultHN Somos expertos en aval\u00faos certificados por la CNBS y brindamos nuestros servicios en todas las partes del pa\u00eds: Zona Centro \u2013 Zona Sur \u2013 Zona Oriente \u2013 Zona Occidente.","robots":{"index":"index","follow":"follow","max-snippet":"max-snippet:-1","max-image-preview":"max-image-preview:large","max-video-preview":"max-video-preview:-1"},"canonical":"http:\/\/inconsulthn.com\/index.php\/construcciones\/","og_locale":"es_ES","og_type":"article","og_title":"Construcciones - InconsultHN Avaluos Honduras","og_description":"InconsultHN Somos expertos en aval\u00faos certificados por la CNBS y brindamos nuestros servicios en todas las partes del pa\u00eds: Zona Centro \u2013 Zona Sur \u2013 Zona Oriente \u2013 Zona Occidente.","og_url":"http:\/\/inconsulthn.com\/index.php\/construcciones\/","og_site_name":"InconsultHN Avaluos Honduras","article_publisher":"https:\/\/www.facebook.com\/InconsultHN?mibextid=LQQJ4d","article_modified_time":"2023-03-14T15:50:07+00:00","og_image":[{"width":507,"height":492,"url":"https:\/\/inconsulthn.com\/wp-content\/uploads\/2023\/02\/PHOTO-2022-01-27-16-11-00-removebg-preview.png","type":"image\/png"}],"twitter_card":"summary_large_image","twitter_misc":{"Tiempo de lectura":"6 minutos"},"schema":{"@context":"https:\/\/schema.org","@graph":[{"@type":"WebPage","@id":"http:\/\/inconsulthn.com\/index.php\/construcciones\/","url":"http:\/\/inconsulthn.com\/index.php\/construcciones\/","name":"Construcciones - InconsultHN Avaluos Honduras","isPartOf":{"@id":"http:\/\/inconsulthn.com\/#website"},"datePublished":"2023-03-03T05:24:51+00:00","dateModified":"2023-03-14T15:50:07+00:00","description":"InconsultHN Somos expertos en aval\u00faos certificados por la CNBS y brindamos nuestros servicios en todas las partes del pa\u00eds: Zona Centro \u2013 Zona Sur \u2013 Zona Oriente \u2013 Zona Occidente.","breadcrumb":{"@id":"http:\/\/inconsulthn.com\/index.php\/construcciones\/#breadcrumb"},"inLanguage":"es","potentialAction":[{"@type":"ReadAction","target":["http:\/\/inconsulthn.com\/index.php\/construcciones\/"]}]},{"@type":"BreadcrumbList","@id":"http:\/\/inconsulthn.com\/index.php\/construcciones\/#breadcrumb","itemListElement":[{"@type":"ListItem","position":1,"name":"Portada","item":"http:\/\/inconsulthn.com\/"},{"@type":"ListItem","position":2,"name":"Construcciones"}]},{"@type":"WebSite","@id":"http:\/\/inconsulthn.com\/#website","url":"http:\/\/inconsulthn.com\/","name":"InconsultHN Avaluos Honduras","description":"InconsultHN Somos expertos en aval\u00faos certificados por la CNBS y brindamos nuestros servicios en todas las partes del pa\u00eds: Zona Centro \u2013 Zona Sur \u2013 Zona Oriente \u2013 Zona Occidente.","publisher":{"@id":"http:\/\/inconsulthn.com\/#organization"},"potentialAction":[{"@type":"SearchAction","target":{"@type":"EntryPoint","urlTemplate":"http:\/\/inconsulthn.com\/?s={search_term_string}"},"query-input":{"@type":"PropertyValueSpecification","valueRequired":true,"valueName":"search_term_string"}}],"inLanguage":"es"},{"@type":"Organization","@id":"http:\/\/inconsulthn.com\/#organization","name":"Inconsult HN Avaluos Honduras","alternateName":"Inconsult HN Avaluos Honduras","url":"http:\/\/inconsulthn.com\/","logo":{"@type":"ImageObject","inLanguage":"es","@id":"http:\/\/inconsulthn.com\/#\/schema\/logo\/image\/","url":"https:\/\/inconsulthn.com\/wp-content\/uploads\/2023\/02\/PHOTO-2022-01-27-16-11-00-removebg-preview.png","contentUrl":"https:\/\/inconsulthn.com\/wp-content\/uploads\/2023\/02\/PHOTO-2022-01-27-16-11-00-removebg-preview.png","width":507,"height":492,"caption":"Inconsult HN Avaluos Honduras"},"image":{"@id":"http:\/\/inconsulthn.com\/#\/schema\/logo\/image\/"},"sameAs":["https:\/\/www.facebook.com\/InconsultHN?mibextid=LQQJ4d"]}]}},"_links":{"self":[{"href":"https:\/\/inconsulthn.com\/index.php\/wp-json\/wp\/v2\/pages\/1065","targetHints":{"allow":["GET"]}}],"collection":[{"href":"https:\/\/inconsulthn.com\/index.php\/wp-json\/wp\/v2\/pages"}],"about":[{"href":"https:\/\/inconsulthn.com\/index.php\/wp-json\/wp\/v2\/types\/page"}],"author":[{"embeddable":true,"href":"https:\/\/inconsulthn.com\/index.php\/wp-json\/wp\/v2\/users\/1"}],"replies":[{"embeddable":true,"href":"https:\/\/inconsulthn.com\/index.php\/wp-json\/wp\/v2\/comments?post=1065"}],"version-history":[{"count":12,"href":"https:\/\/inconsulthn.com\/index.php\/wp-json\/wp\/v2\/pages\/1065\/revisions"}],"predecessor-version":[{"id":1213,"href":"https:\/\/inconsulthn.com\/index.php\/wp-json\/wp\/v2\/pages\/1065\/revisions\/1213"}],"wp:attachment":[{"href":"https:\/\/inconsulthn.com\/index.php\/wp-json\/wp\/v2\/media?parent=1065"}],"curies":[{"name":"wp","href":"https:\/\/api.w.org\/{rel}","templated":true}]}}